{"id":18,"date":"2014-05-19T10:24:17","date_gmt":"2014-05-19T09:24:17","guid":{"rendered":"http:\/\/wamabi.be\/papymamy\/?page_id=18"},"modified":"2014-05-19T10:26:51","modified_gmt":"2014-05-19T09:26:51","slug":"contact","status":"publish","type":"page","link":"https:\/\/papymamy.wamabi.be\/?page_id=18","title":{"rendered":"Contact"},"content":{"rendered":"<p>Espace Public Num\u00e9rique M@lm\u00e9dia<br \/>\nPlace du Ch\u00e2telet, 7A<br \/>\n4960 Malmedy<br \/>\nT\u00e9l. : 080 \/ 799 935<br \/>\nFax : 080 \/ 330 061<\/p>\n<p><strong>Animateur-formateur multim\u00e9dia<\/strong><br \/>\n<a href=\"mailto:kdiffels@wamabi.be\" target=\"_blank\">Kevin DIFFELS<\/a><\/p>\n<p><strong>Responsable<\/strong><br \/>\n<a href=\"mailto:rlemaire@wamabi.be\" target=\"_blank\">Roseline LEMAIRE<\/a><\/p>\n","protected":false},"excerpt":{"rendered":"<p>Espace Public Num\u00e9rique M@lm\u00e9dia Place du Ch\u00e2telet, 7A 4960 Malmedy T\u00e9l. : 080 \/ 799 935 Fax : 080 \/ 330 061 Animateur-formateur multim\u00e9dia Kevin DIFFELS Responsable Roseline LEMAIRE<\/p>\n","protected":false},"author":1,"featured_media":0,"parent":0,"menu_order":0,"comment_status":"open","ping_status":"open","template":"","meta":{"_seopress_robots_primary_cat":"","_seopress_titles_title":"","_seopress_titles_desc":"","_seopress_robots_index":"","_monsterinsights_skip_tracking":false,"_monsterinsights_sitenote_active":false,"_monsterinsights_sitenote_note":"","_monsterinsights_sitenote_category":0,"footnotes":""},"class_list":["post-18","page","type-page","status-publish","hentry"],"_links":{"self":[{"href":"https:\/\/papymamy.wamabi.be\/index.php?rest_route=\/wp\/v2\/pages\/18","targetHints":{"allow":["GET"]}}],"collection":[{"href":"https:\/\/papymamy.wamabi.be\/index.php?rest_route=\/wp\/v2\/pages"}],"about":[{"href":"https:\/\/papymamy.wamabi.be\/index.php?rest_route=\/wp\/v2\/types\/page"}],"author":[{"embeddable":true,"href":"https:\/\/papymamy.wamabi.be\/index.php?rest_route=\/wp\/v2\/users\/1"}],"replies":[{"embeddable":true,"href":"https:\/\/papymamy.wamabi.be\/index.php?rest_route=%2Fwp%2Fv2%2Fcomments&post=18"}],"version-history":[{"count":4,"href":"https:\/\/papymamy.wamabi.be\/index.php?rest_route=\/wp\/v2\/pages\/18\/revisions"}],"predecessor-version":[{"id":22,"href":"https:\/\/papymamy.wamabi.be\/index.php?rest_route=\/wp\/v2\/pages\/18\/revisions\/22"}],"wp:attachment":[{"href":"https:\/\/papymamy.wamabi.be\/index.php?rest_route=%2Fwp%2Fv2%2Fmedia&parent=18"}],"curies":[{"name":"wp","href":"https:\/\/api.w.org\/{rel}","templated":true}]}}