{"id":118,"date":"2014-07-30T14:45:38","date_gmt":"2014-07-30T12:45:38","guid":{"rendered":"http:\/\/papymamy.wamabi.be\/?page_id=118"},"modified":"2014-09-15T14:20:40","modified_gmt":"2014-09-15T12:20:40","slug":"sources-inspirations-et-pistes","status":"publish","type":"page","link":"https:\/\/papymamy.wamabi.be\/?page_id=118","title":{"rendered":"Sources, inspirations et pistes"},"content":{"rendered":"<p><strong>Contextes-cadres :<\/strong><\/p>\n<p>&#8211;<em> Hors champ, quand la lecture est de connivence : plan de d\u00e9veloppement de la lecture 2012-2016,<\/em> Wamabi, 2011 (avec le soutien de la F\u00e9d\u00e9ration Wallonie-Bruxelles)<\/p>\n<p>&#8211; <em>Papy Mamy surfeurs dans les maisons de repos<\/em>, Wamabi, 2013\u00a0 (avec le soutien de la R\u00e9gion wallonne)<\/p>\n<p>&nbsp;<\/p>\n<p><strong>Livres, magazines, brochures, travaux scolaires<\/strong><\/p>\n<p>&#8211; <em>Animateurs et animation en \u00e9tablissements pour personnes \u00e2g\u00e9es<\/em>,\u00a0 Claire Hartweg, Genevi\u00e8ve Zehnder, Ed. \u00e9r\u00e8s, 2013<\/p>\n<p>&#8211; <em>L&rsquo;animation sociale avec les personnes \u00e2g\u00e9es,<\/em> Animation sociale, 2013-&#8230;. (4 num\u00e9ros par an)<\/p>\n<p>&#8211;<em> Atelier d&rsquo;\u00e9criture et personnes \u00e2g\u00e9es<\/em>, Monique Janvier, Chronique sociale, 2013<\/p>\n<p>&#8211; <em>C&rsquo;est ma vie : nuancier<\/em>, Asbl le Bien Veillir, 2014<\/p>\n<p>&#8211;<em>Evolution et avenir d&rsquo;une petite maison de repos \u00e0 la campagne<\/em>, Jo\u00eblle Koch, Centre li\u00e9geois de formation permanente des classes moyennes, 1996<\/p>\n<p>&#8211;<em>Folklore Stavelot-Malmedy-Saint-Vith<\/em>, Malmedy-Folklore, 1922-&#8230;.<\/p>\n<p><em>&#8211; Innover dans l&rsquo;animation et l&rsquo;accompagnement de la personne \u00e2g\u00e9e,<\/em> sous la direction de Bernard Hervy et Richard Vercauteren, Ed. \u00e9r\u00e8s, 2013<\/p>\n<p>&#8211;<em> Le jeu vous va si bien !<\/em>, Pascal Deru, Ed. Souffle d&rsquo;Or, 2006<\/p>\n<p>&#8211; <em>85 fiches d&rsquo;animation pour les personnes \u00e2g\u00e9es : aide-soignant\/animateur<\/em>, Evelyne All\u00e8gre, Jacqueline Gassier, Elsevier masson, 2011<\/p>\n<p>&#8211; <em>Voyage autour de ma vie : mon pass\u00e9 en m\u00e9moire<\/em>, R\u00e9mi Moha, P\u00e9trarque, 2013<\/p>\n<p>&#8211; <em>Sol&rsquo;crest\u00ea d&rsquo;ol Fagne : Xhoffraix, Longfaye, Mont : histoire<\/em>, Henri Lerho, 1989<\/p>\n<p><strong>Albums-jeunesse :<\/strong><\/p>\n<p>&#8211; <em>L&rsquo;album de famille<\/em>, Fr\u00e9d\u00e9ric Kessler, Princesse Camcam, Autrement jeunesse, 2012<\/p>\n<p>&#8211; <em>Cartes postales, <\/em>Anne Brouillard, Ed. du Sorbier, 1994<\/p>\n<p>&nbsp;<\/p>\n<p><strong>Jeux :<\/strong><\/p>\n<p>&#8211;\u00a0<em>Brin de jasette : le jeu qui fait parler !<\/em>, Groupe Nestor, 2005<\/p>\n<p>&#8211;\u00a0<em>Damals Berufe : 1940-1970\u00a0<\/em>,\u00a0Editions Wehrfritz<\/p>\n<p><strong>Ressources\u00a0 num\u00e9riques :<\/strong><\/p>\n<p>&#8211;\u00a0<a href=\"http:\/\/envelosimone.blogspot.be\/\" target=\"_blank\">En v\u00e9lo Simone!<\/a><\/p>\n<p>&#8211;\u00a0<a href=\"http:\/\/edululu.org\/fr\">Edululu\u00a0: Le guide des applications \u00e9ducatives<\/a><\/p>\n<p><object id=\"pt-embed-11135959-440-object\" width=\"560\" height=\"560\" classid=\"clsid:d27cdb6e-ae6d-11cf-96b8-444553540000\" codebase=\"http:\/\/download.macromedia.com\/pub\/shockwave\/cabs\/flash\/swflash.cab#version=6,0,40,0\"><param name=\"flashvars\" value=\"lang=fr_FR&amp;embedId=pt-embed-11135959-440&amp;treeId=11135959&amp;pearlId=108607369&amp;treeTitle=wamabi&amp;site=www.pearltrees.com%2F\" \/><param name=\"wmode\" value=\"opaque\" \/><param name=\"allowscriptaccess\" value=\"always\" \/><param name=\"src\" value=\"http:\/\/cdn.pearltrees.com\/s\/embed\/getApp\" \/><embed id=\"pt-embed-11135959-440-object\" width=\"560\" height=\"560\" type=\"application\/x-shockwave-flash\" src=\"http:\/\/cdn.pearltrees.com\/s\/embed\/getApp\" flashvars=\"lang=fr_FR&amp;embedId=pt-embed-11135959-440&amp;treeId=11135959&amp;pearlId=108607369&amp;treeTitle=wamabi&amp;site=www.pearltrees.com%2F\" wmode=\"opaque\" allowscriptaccess=\"always\" \/><a href=\"http:\/\/www.pearltrees.com\/wamabi\/id11135959\" style=\"text-decoration:none;\"><span style=\"font-size:14pt;color:black;font-weight:bold\">wamabi<\/span><span style=\"font-size:10pt;color:#999999;font-weight:normal;text-decoration:underline\"> et Ressources Num\u00e9riques \/ Liens dans Wamabi &#8211; Biblioth\u00e8ques de Waimes et Malmedy (wamabi)<\/span><\/a><\/object><\/p>\n<p>&nbsp;<\/p>\n<p>&nbsp;<\/p>\n<p><strong>Personnes ressources :<\/strong><\/p>\n<p>&nbsp;<\/p>\n","protected":false},"excerpt":{"rendered":"<p>Contextes-cadres : &#8211; Hors champ, quand la lecture est de connivence : plan de d\u00e9veloppement de la lecture 2012-2016, Wamabi, 2011 (avec le soutien de la F\u00e9d\u00e9ration Wallonie-Bruxelles) &#8211; Papy Mamy surfeurs dans les maisons de repos, Wamabi, 2013\u00a0 (avec le soutien de la R\u00e9gion wallonne) &nbsp; Livres, magazines, brochures, travaux scolaires &#8211; Animateurs et &hellip; <a href=\"https:\/\/papymamy.wamabi.be\/?page_id=118\" class=\"more-link\">Continuer la lecture de <span class=\"screen-reader-text\">Sources, inspirations et pistes<\/span> <span class=\"meta-nav\">&rarr;<\/span><\/a><\/p>\n","protected":false},"author":2,"featured_media":0,"parent":0,"menu_order":0,"comment_status":"open","ping_status":"open","template":"","meta":{"_seopress_robots_primary_cat":"","_seopress_titles_title":"","_seopress_titles_desc":"","_seopress_robots_index":"","_monsterinsights_skip_tracking":false,"_monsterinsights_sitenote_active":false,"_monsterinsights_sitenote_note":"","_monsterinsights_sitenote_category":0,"footnotes":""},"class_list":["post-118","page","type-page","status-publish","hentry"],"_links":{"self":[{"href":"https:\/\/papymamy.wamabi.be\/index.php?rest_route=\/wp\/v2\/pages\/118","targetHints":{"allow":["GET"]}}],"collection":[{"href":"https:\/\/papymamy.wamabi.be\/index.php?rest_route=\/wp\/v2\/pages"}],"about":[{"href":"https:\/\/papymamy.wamabi.be\/index.php?rest_route=\/wp\/v2\/types\/page"}],"author":[{"embeddable":true,"href":"https:\/\/papymamy.wamabi.be\/index.php?rest_route=\/wp\/v2\/users\/2"}],"replies":[{"embeddable":true,"href":"https:\/\/papymamy.wamabi.be\/index.php?rest_route=%2Fwp%2Fv2%2Fcomments&post=118"}],"version-history":[{"count":15,"href":"https:\/\/papymamy.wamabi.be\/index.php?rest_route=\/wp\/v2\/pages\/118\/revisions"}],"predecessor-version":[{"id":613,"href":"https:\/\/papymamy.wamabi.be\/index.php?rest_route=\/wp\/v2\/pages\/118\/revisions\/613"}],"wp:attachment":[{"href":"https:\/\/papymamy.wamabi.be\/index.php?rest_route=%2Fwp%2Fv2%2Fmedia&parent=118"}],"curies":[{"name":"wp","href":"https:\/\/api.w.org\/{rel}","templated":true}]}}